{"id":1075,"date":"2024-07-09T16:42:56","date_gmt":"2024-07-09T14:42:56","guid":{"rendered":"https:\/\/www.herrmann-lausitz.de\/?page_id=1075"},"modified":"2025-08-28T11:26:35","modified_gmt":"2025-08-28T09:26:35","slug":"firmenhistorie","status":"publish","type":"page","link":"https:\/\/www.herrmann-lausitz.de\/en\/firmenhistorie\/","title":{"rendered":"Company history"},"content":{"rendered":"<div data-elementor-type=\"wp-page\" data-elementor-id=\"1075\" class=\"elementor elementor-1075\" data-elementor-post-type=\"page\">\n\t\t\t\t<div class=\"elementor-element elementor-element-ec86baf e-con-full e-flex e-con e-parent\" data-id=\"ec86baf\" data-element_type=\"container\">\n\t\t\t\t<div class=\"elementor-element elementor-element-986eed4 elementor--v-position-bottom elementor--h-position-center elementor-pagination-position-inside elementor-widget elementor-widget-slides\" data-id=\"986eed4\" data-element_type=\"widget\" data-settings=\"{&quot;navigation&quot;:&quot;dots&quot;,&quot;transition&quot;:&quot;fade&quot;,&quot;autoplay&quot;:&quot;yes&quot;,&quot;pause_on_hover&quot;:&quot;yes&quot;,&quot;pause_on_interaction&quot;:&quot;yes&quot;,&quot;autoplay_speed&quot;:5000,&quot;infinite&quot;:&quot;yes&quot;,&quot;transition_speed&quot;:500}\" data-widget_type=\"slides.default\">\n\t\t\t\t<div class=\"elementor-widget-container\">\n\t\t\t\t\t\t\t\t\t<div class=\"elementor-swiper\">\n\t\t\t\t\t<div class=\"elementor-slides-wrapper elementor-main-swiper swiper\" role=\"region\" aria-roledescription=\"carousel\" aria-label=\"Slides\" dir=\"ltr\" data-animation=\"fadeInDown\">\n\t\t\t\t<div class=\"swiper-wrapper elementor-slides\">\n\t\t\t\t\t\t\t\t\t\t<div class=\"elementor-repeater-item-a76f5cd swiper-slide\" role=\"group\" aria-roledescription=\"slide\"><div class=\"swiper-slide-bg\" role=\"img\"><\/div><div class=\"swiper-slide-inner\" ><div class=\"swiper-slide-contents\"><div class=\"elementor-slide-heading\"><div class=\"sliderhg2\">About us<\/div><\/div><\/div><\/div><\/div>\t\t\t\t<\/div>\n\t\t\t\t\t\t\t<\/div>\n\t\t\t\t<\/div>\n\t\t\t\t\t\t\t\t<\/div>\n\t\t\t\t<\/div>\n\t\t\t\t<\/div>\n\t\t<div class=\"elementor-element elementor-element-2d85fbe e-flex e-con-boxed e-con e-parent\" data-id=\"2d85fbe\" data-element_type=\"container\">\n\t\t\t\t\t<div class=\"e-con-inner\">\n\t\t\t\t<div class=\"elementor-element elementor-element-70b538b elementor-widget elementor-widget-heading\" data-id=\"70b538b\" data-element_type=\"widget\" data-widget_type=\"heading.default\">\n\t\t\t\t<div class=\"elementor-widget-container\">\n\t\t\t\t\t<h2 class=\"elementor-heading-title elementor-size-default\"><b style=\"font-weight: 900\">About us<\/b>\n<\/h2>\t\t\t\t<\/div>\n\t\t\t\t<\/div>\n\t\t\t\t\t<\/div>\n\t\t\t\t<\/div>\n\t\t<div class=\"elementor-element elementor-element-b219341 e-flex e-con-boxed e-con e-parent\" data-id=\"b219341\" data-element_type=\"container\">\n\t\t\t\t\t<div class=\"e-con-inner\">\n\t\t<div class=\"elementor-element elementor-element-db804f0 e-grid e-con-boxed e-con e-child\" data-id=\"db804f0\" data-element_type=\"container\">\n\t\t\t\t\t<div class=\"e-con-inner\">\n\t\t\t\t<div class=\"elementor-element elementor-element-8729fb1 elementor-widget elementor-widget-text-editor\" data-id=\"8729fb1\" data-element_type=\"widget\" data-widget_type=\"text-editor.default\">\n\t\t\t\t<div class=\"elementor-widget-container\">\n\t\t\t\t\t\t\t\t\t<p style=\"text-align: center;\"><strong style=\"font-size: 25px;\"><span style=\"vertical-align: inherit;\"><span style=\"vertical-align: inherit;\"><span style=\"vertical-align: inherit;\"><span style=\"vertical-align: inherit;\">1977<\/span><\/span><\/span><\/span><\/strong><\/p>\t\t\t\t\t\t\t\t<\/div>\n\t\t\t\t<\/div>\n\t\t\t\t<div class=\"elementor-element elementor-element-5ef87a0 elementor-widget elementor-widget-text-editor\" data-id=\"5ef87a0\" data-element_type=\"widget\" data-widget_type=\"text-editor.default\">\n\t\t\t\t<div class=\"elementor-widget-container\">\n\t\t\t\t\t\t\t\t\t<p class=\"translation-block\">Bernd Herrmann was among the few in the GDR to establish a radiator workshop. He initially operated it from his home on\nLindenstrasse in T\u00e4tzschwitz. As the business grew, the workshop relocated in 1986 to its current site on Elsterstrasse. After\nreunification, Herrmann shifted focus to car and motorcycle repairs. From the 1990s to the mid-2000s, the company, operating\nas Kfz- und K\u00fchlerwerkstatt Herrmann, partnered with manufacturers such as Daihatsu, Ford, and KTM.<\/p>\t\t\t\t\t\t\t\t<\/div>\n\t\t\t\t<\/div>\n\t\t\t\t\t<\/div>\n\t\t\t\t<\/div>\n\t\t<div class=\"elementor-element elementor-element-b2837a8 e-grid e-con-boxed e-con e-child\" data-id=\"b2837a8\" data-element_type=\"container\">\n\t\t\t\t\t<div class=\"e-con-inner\">\n\t\t\t\t<div class=\"elementor-element elementor-element-4817432 elementor-widget elementor-widget-text-editor\" data-id=\"4817432\" data-element_type=\"widget\" data-widget_type=\"text-editor.default\">\n\t\t\t\t<div class=\"elementor-widget-container\">\n\t\t\t\t\t\t\t\t\t<p style=\"text-align: center;\"><strong style=\"font-size: 25px;\"><span style=\"vertical-align: inherit;\"><span style=\"vertical-align: inherit;\"><span style=\"vertical-align: inherit;\"><span style=\"vertical-align: inherit;\">1994<\/span><\/span><\/span><\/span><\/strong><\/p>\t\t\t\t\t\t\t\t<\/div>\n\t\t\t\t<\/div>\n\t\t\t\t<div class=\"elementor-element elementor-element-037b1bf elementor-widget elementor-widget-text-editor\" data-id=\"037b1bf\" data-element_type=\"widget\" data-widget_type=\"text-editor.default\">\n\t\t\t\t<div class=\"elementor-widget-container\">\n\t\t\t\t\t\t\t\t\t<p class=\"translation-block\">Bernd Herrmann chose to invest in AH-Autohof Hoyerswerda GmbH, a company established two years earlier. At that time, two\nof the four founding partners sought a new investor to help build the company\u2019s facilities in the modern Nardt industrial estate.\nUnder joint management by Waldemar Fobo, Bernd Herrmann, and Clauss Br\u00e4uer, the company expanded into the new\nmillennium, employing a team of ten.<\/p>\t\t\t\t\t\t\t\t<\/div>\n\t\t\t\t<\/div>\n\t\t\t\t\t<\/div>\n\t\t\t\t<\/div>\n\t\t<div class=\"elementor-element elementor-element-4bed5f5 e-grid e-con-boxed e-con e-child\" data-id=\"4bed5f5\" data-element_type=\"container\">\n\t\t\t\t\t<div class=\"e-con-inner\">\n\t\t\t\t<div class=\"elementor-element elementor-element-4411beb elementor-widget elementor-widget-text-editor\" data-id=\"4411beb\" data-element_type=\"widget\" data-widget_type=\"text-editor.default\">\n\t\t\t\t<div class=\"elementor-widget-container\">\n\t\t\t\t\t\t\t\t\t<strong style=\"font-size:25px\">1999<\/strong>\t\t\t\t\t\t\t\t<\/div>\n\t\t\t\t<\/div>\n\t\t\t\t<div class=\"elementor-element elementor-element-8db6d70 elementor-widget elementor-widget-text-editor\" data-id=\"8db6d70\" data-element_type=\"widget\" data-widget_type=\"text-editor.default\">\n\t\t\t\t<div class=\"elementor-widget-container\">\n\t\t\t\t\t\t\t\t\t<p class=\"translation-block\">As the workshop in T\u00e4tzschwitz became too small\u2014particularly after Bernd\u2019s son, Alexander Herrmann, joined the business\u2014\nAlexander invested in the establishment of Premio Reifen- und Autoservice, a subsidiary of Kfz- und K\u00fchlerwerkstatt Herrmann\nGmbH, located on Grubenstrasse in Senftenberg. In 2006, Bernd Herrmann transferred management of the company to his\nson. Today, this branch of the Herrmann Lausitz Group operates successfully at the Senftenberg site with a team of ten\nemployees, specializing in tire services and vehicle repairs.<\/p>\t\t\t\t\t\t\t\t<\/div>\n\t\t\t\t<\/div>\n\t\t\t\t\t<\/div>\n\t\t\t\t<\/div>\n\t\t<div class=\"elementor-element elementor-element-948f7a5 e-grid e-con-boxed e-con e-child\" data-id=\"948f7a5\" data-element_type=\"container\">\n\t\t\t\t\t<div class=\"e-con-inner\">\n\t\t\t\t<div class=\"elementor-element elementor-element-3506b31 elementor-widget elementor-widget-text-editor\" data-id=\"3506b31\" data-element_type=\"widget\" data-widget_type=\"text-editor.default\">\n\t\t\t\t<div class=\"elementor-widget-container\">\n\t\t\t\t\t\t\t\t\t<p style=\"text-align: center;\"><strong style=\"font-size: 25px;\">2011<\/strong><\/p>\t\t\t\t\t\t\t\t<\/div>\n\t\t\t\t<\/div>\n\t\t\t\t<div class=\"elementor-element elementor-element-18f27d7 elementor-widget elementor-widget-text-editor\" data-id=\"18f27d7\" data-element_type=\"widget\" data-widget_type=\"text-editor.default\">\n\t\t\t\t<div class=\"elementor-widget-container\">\n\t\t\t\t\t\t\t\t\t<p>In May 2011, Alexander Herrmann and Stefanie Hofmann took over the long-established site on Spremberger Strasse 31 in\nSenftenberg\u2014securing a location with nearly 30 years of history. Together with MAN, they made a clear commitment to\npreserving the site and began a systematic realignment: recruiting new specialists, modernizing facilities, and expanding\ncapacity with an additional hall just one year later.\n\nA key milestone came in 2015 with the acquisition of the property, providing long-term planning security and enabling\nextensive structural improvements. Between 2018 and 2021, the site underwent comprehensive modernization: the repair area\nwas doubled, a new test bench was installed, storage capacity was expanded, and state-of-the-art office and social facilities\nwere created.\n\nToday, more than 20 highly qualified employees serve truck and bus customers in Senftenberg\u2014competent, reliable, and\nfuture-oriented as part of the Herrmann Lausitz Group. Since 2016, a high-performance truck wash for vehicles over 3.5 tonnes\nand a dedicated diesel filling station for business customers have further enhanced the service portfolio.<\/p>\t\t\t\t\t\t\t\t<\/div>\n\t\t\t\t<\/div>\n\t\t\t\t\t<\/div>\n\t\t\t\t<\/div>\n\t\t<div class=\"elementor-element elementor-element-820ce32 e-grid e-con-boxed e-con e-child\" data-id=\"820ce32\" data-element_type=\"container\">\n\t\t\t\t\t<div class=\"e-con-inner\">\n\t\t\t\t<div class=\"elementor-element elementor-element-ad192c4 elementor-widget elementor-widget-text-editor\" data-id=\"ad192c4\" data-element_type=\"widget\" data-widget_type=\"text-editor.default\">\n\t\t\t\t<div class=\"elementor-widget-container\">\n\t\t\t\t\t\t\t\t\t<p style=\"text-align: center;\"><strong style=\"font-size: 25px;\">2019<\/strong><\/p>\t\t\t\t\t\t\t\t<\/div>\n\t\t\t\t<\/div>\n\t\t\t\t<div class=\"elementor-element elementor-element-b2ecc44 elementor-widget elementor-widget-text-editor\" data-id=\"b2ecc44\" data-element_type=\"widget\" data-widget_type=\"text-editor.default\">\n\t\t\t\t<div class=\"elementor-widget-container\">\n\t\t\t\t\t\t\t\t\t<p>Towards the end of the first decade of the new millennium, the generational transition at AH-Autohof Hoyerswerda began. In\nFebruary 2015, Waldemar Fobo retired, handing operational management to Stefanie Hofmann, while in December 2019,\nAlexander Herrmann took over for his father, Bernd. During this period, AH-Autohof Hoyerswerda GmbH further strengthened\nits market position by joining the Schmitz Cargobull network in 2014 and IVECO in 2016, gaining valuable expertise in van\nservices and consolidating its role as a strong regional partner.\nBetween 2019 and 2022, the site underwent significant expansion, including the installation of a modern test bench, additional\nrepair and storage areas, as well as new break and office facilities. Today, with more than 20 employees, AH-Autohof\nHoyerswerda continues to deliver reliable, high-quality service to fleet customers in the commercial vehicle sector as an\nintegral part of the Herrmann Lausitz Group.<\/p>\t\t\t\t\t\t\t\t<\/div>\n\t\t\t\t<\/div>\n\t\t\t\t\t<\/div>\n\t\t\t\t<\/div>\n\t\t<div class=\"elementor-element elementor-element-40629d4 e-grid e-con-full e-con e-child\" data-id=\"40629d4\" data-element_type=\"container\">\n\t\t\t\t<div class=\"elementor-element elementor-element-af62390 elementor-widget elementor-widget-text-editor\" data-id=\"af62390\" data-element_type=\"widget\" data-widget_type=\"text-editor.default\">\n\t\t\t\t<div class=\"elementor-widget-container\">\n\t\t\t\t\t\t\t\t\t<p style=\"text-align: center;\"><strong style=\"font-size: 25px;\">2024<\/strong><\/p>\t\t\t\t\t\t\t\t<\/div>\n\t\t\t\t<\/div>\n\t\t\t\t<div class=\"elementor-element elementor-element-3fa067a elementor-widget elementor-widget-text-editor\" data-id=\"3fa067a\" data-element_type=\"widget\" data-widget_type=\"text-editor.default\">\n\t\t\t\t<div class=\"elementor-widget-container\">\n\t\t\t\t\t\t\t\t\t<p>In 2024, the Herrmann Lausitz Group expanded its presence to northern Lusatia with the opening of a new site at\nKraftwerkstrasse 12 in L\u00fcbbenau. The location currently operates a high-capacity car wash for vehicles over 3.5 tonnes, while a\nmodern workshop is under construction. Guided by entrepreneurial vision and a consistent focus on quality, we continue to\nshape mobility in the region... day after day.<\/p>\t\t\t\t\t\t\t\t<\/div>\n\t\t\t\t<\/div>\n\t\t\t\t<\/div>\n\t\t\t\t\t<\/div>\n\t\t\t\t<\/div>\n\t\t<div class=\"elementor-element elementor-element-38f6f13 e-flex e-con-boxed e-con e-parent\" data-id=\"38f6f13\" data-element_type=\"container\">\n\t\t\t\t\t<div class=\"e-con-inner\">\n\t\t\t\t<div class=\"elementor-element elementor-element-37b73d9 elementor-widget elementor-widget-spacer\" data-id=\"37b73d9\" data-element_type=\"widget\" data-widget_type=\"spacer.default\">\n\t\t\t\t<div class=\"elementor-widget-container\">\n\t\t\t\t\t\t\t<div class=\"elementor-spacer\">\n\t\t\t<div class=\"elementor-spacer-inner\"><\/div>\n\t\t<\/div>\n\t\t\t\t\t\t<\/div>\n\t\t\t\t<\/div>\n\t\t\t\t\t<\/div>\n\t\t\t\t<\/div>\n\t\t\t\t<\/div>","protected":false},"excerpt":{"rendered":"<p>\u00dcber Uns \u00dcber uns 1977 er\u00f6ffnete Bernd Herrmann als einer von wenigen in der DDR seine K\u00fchlerwerkstatt, damals noch im eigenen Wohnhaus auf der Lindenstra\u00dfe in\u00a0T\u00e4tzschwitz. Das Gesch\u00e4ft entwickelte sich gut und so zog die Werkstatt 1986 in die heute so genannte Elsterstra\u00dfe. Mit den Umbr\u00fcchen der Wendezeit orientierte er sich neu und begann mit [&hellip;]<\/p>","protected":false},"author":3,"featured_media":0,"parent":0,"menu_order":0,"comment_status":"closed","ping_status":"closed","template":"","meta":{"inline_featured_image":false,"footnotes":""},"class_list":["post-1075","page","type-page","status-publish","hentry"],"yoast_head":"<!-- This site is optimized with the Yoast SEO plugin v25.9 - https:\/\/yoast.com\/wordpress\/plugins\/seo\/ -->\n<title>Firmenhistorie - Herrmann Gruppe Lausitz<\/title>\n<meta name=\"description\" content=\"Erfahren Sie mehr \u00fcber die Historie der Hermann Lausitz Gruppe: Von den Anf\u00e4ngen 1977 bis hin zu einem f\u00fchrenden Unternehmen.\" \/>\n<meta name=\"robots\" content=\"index, follow, max-snippet:-1, max-image-preview:large, max-video-preview:-1\" \/>\n<link rel=\"canonical\" href=\"https:\/\/www.herrmann-lausitz.de\/en\/firmenhistorie\/\" \/>\n<meta property=\"og:locale\" content=\"en_GB\" \/>\n<meta property=\"og:type\" content=\"article\" \/>\n<meta property=\"og:title\" content=\"Firmenhistorie - Herrmann Gruppe Lausitz\" \/>\n<meta property=\"og:description\" content=\"Erfahren Sie mehr \u00fcber die Historie der Hermann Lausitz Gruppe: Von den Anf\u00e4ngen 1977 bis hin zu einem f\u00fchrenden Unternehmen.\" \/>\n<meta property=\"og:url\" content=\"https:\/\/www.herrmann-lausitz.de\/en\/firmenhistorie\/\" \/>\n<meta property=\"og:site_name\" content=\"Herrmann Gruppe Lausitz\" \/>\n<meta property=\"article:modified_time\" content=\"2025-08-28T09:26:35+00:00\" \/>\n<meta name=\"twitter:card\" content=\"summary_large_image\" \/>\n<meta name=\"twitter:label1\" content=\"Estimated reading time\" \/>\n\t<meta name=\"twitter:data1\" content=\"4 minutes\" \/>\n<script type=\"application\/ld+json\" class=\"yoast-schema-graph\">{\"@context\":\"https:\/\/schema.org\",\"@graph\":[{\"@type\":\"WebPage\",\"@id\":\"https:\/\/www.herrmann-lausitz.de\/firmenhistorie\/\",\"url\":\"https:\/\/www.herrmann-lausitz.de\/firmenhistorie\/\",\"name\":\"Firmenhistorie - Herrmann Gruppe Lausitz\",\"isPartOf\":{\"@id\":\"https:\/\/www.herrmann-lausitz.de\/de\/#website\"},\"datePublished\":\"2024-07-09T14:42:56+00:00\",\"dateModified\":\"2025-08-28T09:26:35+00:00\",\"description\":\"Erfahren Sie mehr \u00fcber die Historie der Hermann Lausitz Gruppe: Von den Anf\u00e4ngen 1977 bis hin zu einem f\u00fchrenden Unternehmen.\",\"breadcrumb\":{\"@id\":\"https:\/\/www.herrmann-lausitz.de\/firmenhistorie\/#breadcrumb\"},\"inLanguage\":\"en-GB\",\"potentialAction\":[{\"@type\":\"ReadAction\",\"target\":[\"https:\/\/www.herrmann-lausitz.de\/firmenhistorie\/\"]}]},{\"@type\":\"BreadcrumbList\",\"@id\":\"https:\/\/www.herrmann-lausitz.de\/firmenhistorie\/#breadcrumb\",\"itemListElement\":[{\"@type\":\"ListItem\",\"position\":1,\"name\":\"Home\",\"item\":\"https:\/\/www.herrmann-lausitz.de\/de\/\"},{\"@type\":\"ListItem\",\"position\":2,\"name\":\"Firmenhistorie\"}]},{\"@type\":\"WebSite\",\"@id\":\"https:\/\/www.herrmann-lausitz.de\/de\/#website\",\"url\":\"https:\/\/www.herrmann-lausitz.de\/de\/\",\"name\":\"Herrmann Gruppe Lausitz\",\"description\":\"DER SPEZIALIST F\u00dcR IHREN FUHRPARK\",\"publisher\":{\"@id\":\"https:\/\/www.herrmann-lausitz.de\/de\/#organization\"},\"potentialAction\":[{\"@type\":\"SearchAction\",\"target\":{\"@type\":\"EntryPoint\",\"urlTemplate\":\"https:\/\/www.herrmann-lausitz.de\/de\/?s={search_term_string}\"},\"query-input\":{\"@type\":\"PropertyValueSpecification\",\"valueRequired\":true,\"valueName\":\"search_term_string\"}}],\"inLanguage\":\"en-GB\"},{\"@type\":\"Organization\",\"@id\":\"https:\/\/www.herrmann-lausitz.de\/de\/#organization\",\"name\":\"Herrmann Gruppe Lausitz\",\"url\":\"https:\/\/www.herrmann-lausitz.de\/de\/\",\"logo\":{\"@type\":\"ImageObject\",\"inLanguage\":\"en-GB\",\"@id\":\"https:\/\/www.herrmann-lausitz.de\/de\/#\/schema\/logo\/image\/\",\"url\":\"https:\/\/www.herrmann-lausitz.de\/wp-content\/uploads\/2024\/03\/herrmann_gruppe_logo-svg.svg\",\"contentUrl\":\"https:\/\/www.herrmann-lausitz.de\/wp-content\/uploads\/2024\/03\/herrmann_gruppe_logo-svg.svg\",\"width\":182,\"height\":72,\"caption\":\"Herrmann Gruppe Lausitz\"},\"image\":{\"@id\":\"https:\/\/www.herrmann-lausitz.de\/de\/#\/schema\/logo\/image\/\"}}]}<\/script>\n<!-- \/ Yoast SEO plugin. -->","yoast_head_json":{"title":"Firmenhistorie - Herrmann Gruppe Lausitz","description":"Erfahren Sie mehr \u00fcber die Historie der Hermann Lausitz Gruppe: Von den Anf\u00e4ngen 1977 bis hin zu einem f\u00fchrenden Unternehmen.","robots":{"index":"index","follow":"follow","max-snippet":"max-snippet:-1","max-image-preview":"max-image-preview:large","max-video-preview":"max-video-preview:-1"},"canonical":"https:\/\/www.herrmann-lausitz.de\/en\/firmenhistorie\/","og_locale":"en_GB","og_type":"article","og_title":"Firmenhistorie - Herrmann Gruppe Lausitz","og_description":"Erfahren Sie mehr \u00fcber die Historie der Hermann Lausitz Gruppe: Von den Anf\u00e4ngen 1977 bis hin zu einem f\u00fchrenden Unternehmen.","og_url":"https:\/\/www.herrmann-lausitz.de\/en\/firmenhistorie\/","og_site_name":"Herrmann Gruppe Lausitz","article_modified_time":"2025-08-28T09:26:35+00:00","twitter_card":"summary_large_image","twitter_misc":{"Estimated reading time":"4 minutes"},"schema":{"@context":"https:\/\/schema.org","@graph":[{"@type":"WebPage","@id":"https:\/\/www.herrmann-lausitz.de\/firmenhistorie\/","url":"https:\/\/www.herrmann-lausitz.de\/firmenhistorie\/","name":"Firmenhistorie - Herrmann Gruppe Lausitz","isPartOf":{"@id":"https:\/\/www.herrmann-lausitz.de\/de\/#website"},"datePublished":"2024-07-09T14:42:56+00:00","dateModified":"2025-08-28T09:26:35+00:00","description":"Erfahren Sie mehr \u00fcber die Historie der Hermann Lausitz Gruppe: Von den Anf\u00e4ngen 1977 bis hin zu einem f\u00fchrenden Unternehmen.","breadcrumb":{"@id":"https:\/\/www.herrmann-lausitz.de\/firmenhistorie\/#breadcrumb"},"inLanguage":"en-GB","potentialAction":[{"@type":"ReadAction","target":["https:\/\/www.herrmann-lausitz.de\/firmenhistorie\/"]}]},{"@type":"BreadcrumbList","@id":"https:\/\/www.herrmann-lausitz.de\/firmenhistorie\/#breadcrumb","itemListElement":[{"@type":"ListItem","position":1,"name":"Home","item":"https:\/\/www.herrmann-lausitz.de\/de\/"},{"@type":"ListItem","position":2,"name":"Firmenhistorie"}]},{"@type":"WebSite","@id":"https:\/\/www.herrmann-lausitz.de\/de\/#website","url":"https:\/\/www.herrmann-lausitz.de\/de\/","name":"Herrmann Gruppe Lausitz","description":"DER SPEZIALIST F\u00dcR IHREN FUHRPARK","publisher":{"@id":"https:\/\/www.herrmann-lausitz.de\/de\/#organization"},"potentialAction":[{"@type":"SearchAction","target":{"@type":"EntryPoint","urlTemplate":"https:\/\/www.herrmann-lausitz.de\/de\/?s={search_term_string}"},"query-input":{"@type":"PropertyValueSpecification","valueRequired":true,"valueName":"search_term_string"}}],"inLanguage":"en-GB"},{"@type":"Organization","@id":"https:\/\/www.herrmann-lausitz.de\/de\/#organization","name":"Herrmann Gruppe Lausitz","url":"https:\/\/www.herrmann-lausitz.de\/de\/","logo":{"@type":"ImageObject","inLanguage":"en-GB","@id":"https:\/\/www.herrmann-lausitz.de\/de\/#\/schema\/logo\/image\/","url":"https:\/\/www.herrmann-lausitz.de\/wp-content\/uploads\/2024\/03\/herrmann_gruppe_logo-svg.svg","contentUrl":"https:\/\/www.herrmann-lausitz.de\/wp-content\/uploads\/2024\/03\/herrmann_gruppe_logo-svg.svg","width":182,"height":72,"caption":"Herrmann Gruppe Lausitz"},"image":{"@id":"https:\/\/www.herrmann-lausitz.de\/de\/#\/schema\/logo\/image\/"}}]}},"_links":{"self":[{"href":"https:\/\/www.herrmann-lausitz.de\/en\/wp-json\/wp\/v2\/pages\/1075","targetHints":{"allow":["GET"]}}],"collection":[{"href":"https:\/\/www.herrmann-lausitz.de\/en\/wp-json\/wp\/v2\/pages"}],"about":[{"href":"https:\/\/www.herrmann-lausitz.de\/en\/wp-json\/wp\/v2\/types\/page"}],"author":[{"embeddable":true,"href":"https:\/\/www.herrmann-lausitz.de\/en\/wp-json\/wp\/v2\/users\/3"}],"replies":[{"embeddable":true,"href":"https:\/\/www.herrmann-lausitz.de\/en\/wp-json\/wp\/v2\/comments?post=1075"}],"version-history":[{"count":10,"href":"https:\/\/www.herrmann-lausitz.de\/en\/wp-json\/wp\/v2\/pages\/1075\/revisions"}],"predecessor-version":[{"id":2091,"href":"https:\/\/www.herrmann-lausitz.de\/en\/wp-json\/wp\/v2\/pages\/1075\/revisions\/2091"}],"wp:attachment":[{"href":"https:\/\/www.herrmann-lausitz.de\/en\/wp-json\/wp\/v2\/media?parent=1075"}],"curies":[{"name":"wp","href":"https:\/\/api.w.org\/{rel}","templated":true}]}}