{"id":2346,"date":"2025-11-28T09:58:56","date_gmt":"2025-11-28T08:58:56","guid":{"rendered":"https:\/\/www.herrmann-lausitz.de\/?page_id=2346"},"modified":"2025-11-28T10:02:54","modified_gmt":"2025-11-28T09:02:54","slug":"barrierefreiheitserklaerung","status":"publish","type":"page","link":"https:\/\/www.herrmann-lausitz.de\/en\/barrierefreiheitserklaerung\/","title":{"rendered":"Barrierefreiheitserkl\u00e4rung"},"content":{"rendered":"<div data-elementor-type=\"wp-page\" data-elementor-id=\"2346\" class=\"elementor elementor-2346\" data-elementor-post-type=\"page\">\n\t\t\t\t<div class=\"elementor-element elementor-element-f9c6517 e-flex e-con-boxed e-con e-parent\" data-id=\"f9c6517\" data-element_type=\"container\">\n\t\t\t\t\t<div class=\"e-con-inner\">\n\t\t\t\t<div class=\"elementor-element elementor-element-b6d2f1d elementor-widget-mobile__width-auto titleDatenschutz elementor-widget elementor-widget-heading\" data-id=\"b6d2f1d\" data-element_type=\"widget\" data-widget_type=\"heading.default\">\n\t\t\t\t<div class=\"elementor-widget-container\">\n\t\t\t\t\t<h1 class=\"elementor-heading-title elementor-size-default\">Barrierefreiheitserkl\u00e4rung<\/h1>\t\t\t\t<\/div>\n\t\t\t\t<\/div>\n\t\t\t\t<div class=\"elementor-element elementor-element-39777ce PtitleDatenschutz elementor-widget elementor-widget-text-editor\" data-id=\"39777ce\" data-element_type=\"widget\" data-widget_type=\"text-editor.default\">\n\t\t\t\t<div class=\"elementor-widget-container\">\n\t\t\t\t\t\t\t\t\t<p><strong>Erkl\u00e4rung zur Barrierefreiheit<\/strong><\/p><p>Wir legen gro\u00dfen Wert auf die barrierefreie Nutzbarkeit unserer Webseite und sind daher bem\u00fcht, unsere Webseite barrierefrei zu gestalten. Rechtsgrundlage f\u00fcr die barrierefreie Gestaltung ist das Barrierefreiheitsst\u00e4rkungsgesetz (BFSG) sowie die Verordnung zum Barrierefreiheitsst\u00e4rkungsgesetz (BFSGV). Danach m\u00fcssen Dienstleistungen im elektronischen Gesch\u00e4ftsverkehr wahrnehmbar, bedienbar, verst\u00e4ndlich und robust gestaltet sein.<\/p><p><strong>\u00a0<\/strong><\/p><p><strong>Information zum Anbieter<\/strong><\/p><p>\u00a0<\/p><p>AH-Autohof Hoyerswerda GmbH<br \/>Nardter Weg 4<br \/>02977 Hoyerswerda<\/p><p>Phone +49 (0) 3571 48 99-0<br \/>Fax +49 (0) 3571 48 99-15<\/p><p>\u00a0<\/p><p><strong>\u00a0<\/strong><\/p><p><strong>Beschreibung der Dienstleistung und Erl\u00e4uterungen<\/strong><\/p><p>Unsere Webseite \u2013 <strong><span style=\"text-decoration: underline;\"><a href=\"https:\/\/www.herrmann-lausitz.de\/en\/\">https:\/\/www.herrmann-lausitz.de\/<\/a><\/span>\u00a0<\/strong>\u2013 ist die zentrale Anlaufstelle f\u00fcr alle, die Werkstattleistungen suchen.<\/p><p><strong>\u00a0<\/strong><\/p><p><strong>Umsetzung der Barrierefreiheit<\/strong><\/p><p>Um unsere Webseite m\u00f6glichst barrierefrei zu gestalten, orientieren wir uns an der Norm EN 301 549 sowie den Web Content Accessibility Guidelines (WCAG) Version 2.2.<\/p><p>Im Einzelnen wurden folgende Ma\u00dfnahmen umgesetzt:<\/p><p>&#8211; Unsere Webseite ist so konzipiert, dass sie f\u00fcr Nutzer:innen zug\u00e4nglich, intuitiv bedienbar, verst\u00e4ndlich und zuverl\u00e4ssig nutzbar ist.\u00a0<\/p><p>&#8211; Unsere digitalen Angebote sind so gestaltet, dass sie auch Menschen mit k\u00f6rperlichen, sensorischen oder kognitiven Beeintr\u00e4chtigungen problemlos nutzen k\u00f6nnen.<\/p><p>Wir achten insbesondere auf folgende Aspekte:<\/p><p>&#8211; Inhalte sind auch ohne Farberkennung verst\u00e4ndlich.<\/p><p>&#8211; Die Nutzung unserer Angebote setzt kein H\u00f6rverm\u00f6gen voraus.<\/p><p>&#8211; Die Bedienung ist ohne pr\u00e4zise Handbewegungen oder besondere Kraftaufwendung m\u00f6glich.<\/p><p>&#8211; Wir verzichten bewusst auf visuelle Effekte, die empfindliche Personen negativ beeinflussen k\u00f6nnten.<\/p><p>&#8211; Unsere digitalen Anwendungen werden regelm\u00e4\u00dfig gepr\u00fcft und angepasst, um rechtlichen Vorgaben zu entsprechen und die Nutzbarkeit f\u00fcr alle stetig zu verbessern.<\/p><p><strong>\u00a0<\/strong><\/p><p><strong>Contact<\/strong><\/p><p>Sollten Sie dennoch auf nicht barrierefreie Inhalte gesto\u00dfen sein oder weitere Fragen zur Barrierefreiheit unserer Webseite haben, wenden Sie sich gerne an unsere Ansprechpartner unter <strong><span style=\"text-decoration: underline;\"><a href=\"mailto:info@man-hoyerswerda.de\">info@man-hoyerswerda.de<\/a>\u00a0<\/span><\/strong><\/p><p><strong>\u00a0<\/strong><\/p><p><strong>Markt\u00fcberwachungsbeh\u00f6rde<\/strong><\/p><p>Zust\u00e4ndig f\u00fcr die \u00dcberpr\u00fcfung der Einhaltung der Barrierefreiheitsanforderungen ist die &#8222;Markt\u00fcberwachungsstelle der L\u00e4nder f\u00fcr die Barrierefreiheit von Produkten und Dienstleistungen&#8220; (MLBF) mit folgender Stelle:<\/p><p><strong>MLBF (in Errichtung)<\/strong><\/p><p>c\/o Ministerium f\u00fcr Arbeit, Soziales, Gesundheit und Gleichstellung Sachsen-Anhalt<br \/>Postfach 39 11 55<br \/>39135 Magdeburg<br \/>Telefon: 0391 567 4530<br \/>E-Mail:\u00a0<span style=\"text-decoration: underline;\"><a href=\"mailto:mlbf@ms.sachsen-anhalt.de\"><strong>mlbf@ms.sachsen-anhalt.de<\/strong><\/a>\u00a0\u00a0<\/span><\/p><p>Stand: Juni 2025<\/p>\t\t\t\t\t\t\t\t<\/div>\n\t\t\t\t<\/div>\n\t\t\t\t\t<\/div>\n\t\t\t\t<\/div>\n\t\t\t\t<\/div>","protected":false},"excerpt":{"rendered":"<p>Barrierefreiheitserkl\u00e4rung Erkl\u00e4rung zur Barrierefreiheit Wir legen gro\u00dfen Wert auf die barrierefreie Nutzbarkeit unserer Webseite und sind daher bem\u00fcht, unsere Webseite barrierefrei zu gestalten. Rechtsgrundlage f\u00fcr die barrierefreie Gestaltung ist das Barrierefreiheitsst\u00e4rkungsgesetz (BFSG) sowie die Verordnung zum Barrierefreiheitsst\u00e4rkungsgesetz (BFSGV). Danach m\u00fcssen Dienstleistungen im elektronischen Gesch\u00e4ftsverkehr wahrnehmbar, bedienbar, verst\u00e4ndlich und robust gestaltet sein. \u00a0 Information zum Anbieter [&hellip;]<\/p>","protected":false},"author":3,"featured_media":0,"parent":0,"menu_order":0,"comment_status":"closed","ping_status":"closed","template":"","meta":{"inline_featured_image":false,"footnotes":""},"class_list":["post-2346","page","type-page","status-publish","hentry"],"yoast_head":"<!-- This site is optimized with the Yoast SEO plugin v25.9 - https:\/\/yoast.com\/wordpress\/plugins\/seo\/ -->\n<title>Barrierefreiheitserkl\u00e4rung - Herrmann Gruppe Lausitz<\/title>\n<meta name=\"robots\" content=\"index, follow, max-snippet:-1, max-image-preview:large, max-video-preview:-1\" \/>\n<link rel=\"canonical\" href=\"https:\/\/www.herrmann-lausitz.de\/en\/barrierefreiheitserklaerung\/\" \/>\n<meta property=\"og:locale\" content=\"en_GB\" \/>\n<meta property=\"og:type\" content=\"article\" \/>\n<meta property=\"og:title\" content=\"Barrierefreiheitserkl\u00e4rung - Herrmann Gruppe Lausitz\" \/>\n<meta property=\"og:description\" content=\"Barrierefreiheitserkl\u00e4rung Erkl\u00e4rung zur Barrierefreiheit Wir legen gro\u00dfen Wert auf die barrierefreie Nutzbarkeit unserer Webseite und sind daher bem\u00fcht, unsere Webseite barrierefrei zu gestalten. Rechtsgrundlage f\u00fcr die barrierefreie Gestaltung ist das Barrierefreiheitsst\u00e4rkungsgesetz (BFSG) sowie die Verordnung zum Barrierefreiheitsst\u00e4rkungsgesetz (BFSGV). Danach m\u00fcssen Dienstleistungen im elektronischen Gesch\u00e4ftsverkehr wahrnehmbar, bedienbar, verst\u00e4ndlich und robust gestaltet sein. \u00a0 Information zum Anbieter [&hellip;]\" \/>\n<meta property=\"og:url\" content=\"https:\/\/www.herrmann-lausitz.de\/en\/barrierefreiheitserklaerung\/\" \/>\n<meta property=\"og:site_name\" content=\"Herrmann Gruppe Lausitz\" \/>\n<meta property=\"article:modified_time\" content=\"2025-11-28T09:02:54+00:00\" \/>\n<meta name=\"twitter:card\" content=\"summary_large_image\" \/>\n<meta name=\"twitter:label1\" content=\"Estimated reading time\" \/>\n\t<meta name=\"twitter:data1\" content=\"2 minutes\" \/>\n<script type=\"application\/ld+json\" class=\"yoast-schema-graph\">{\"@context\":\"https:\/\/schema.org\",\"@graph\":[{\"@type\":\"WebPage\",\"@id\":\"https:\/\/www.herrmann-lausitz.de\/de\/barrierefreiheitserklaerung\/\",\"url\":\"https:\/\/www.herrmann-lausitz.de\/de\/barrierefreiheitserklaerung\/\",\"name\":\"Barrierefreiheitserkl\u00e4rung - Herrmann Gruppe Lausitz\",\"isPartOf\":{\"@id\":\"https:\/\/www.herrmann-lausitz.de\/de\/#website\"},\"datePublished\":\"2025-11-28T08:58:56+00:00\",\"dateModified\":\"2025-11-28T09:02:54+00:00\",\"breadcrumb\":{\"@id\":\"https:\/\/www.herrmann-lausitz.de\/de\/barrierefreiheitserklaerung\/#breadcrumb\"},\"inLanguage\":\"en-GB\",\"potentialAction\":[{\"@type\":\"ReadAction\",\"target\":[\"https:\/\/www.herrmann-lausitz.de\/de\/barrierefreiheitserklaerung\/\"]}]},{\"@type\":\"BreadcrumbList\",\"@id\":\"https:\/\/www.herrmann-lausitz.de\/de\/barrierefreiheitserklaerung\/#breadcrumb\",\"itemListElement\":[{\"@type\":\"ListItem\",\"position\":1,\"name\":\"Home\",\"item\":\"https:\/\/www.herrmann-lausitz.de\/de\/\"},{\"@type\":\"ListItem\",\"position\":2,\"name\":\"Barrierefreiheitserkl\u00e4rung\"}]},{\"@type\":\"WebSite\",\"@id\":\"https:\/\/www.herrmann-lausitz.de\/de\/#website\",\"url\":\"https:\/\/www.herrmann-lausitz.de\/de\/\",\"name\":\"Herrmann Gruppe Lausitz\",\"description\":\"DER SPEZIALIST F\u00dcR IHREN FUHRPARK\",\"publisher\":{\"@id\":\"https:\/\/www.herrmann-lausitz.de\/de\/#organization\"},\"potentialAction\":[{\"@type\":\"SearchAction\",\"target\":{\"@type\":\"EntryPoint\",\"urlTemplate\":\"https:\/\/www.herrmann-lausitz.de\/de\/?s={search_term_string}\"},\"query-input\":{\"@type\":\"PropertyValueSpecification\",\"valueRequired\":true,\"valueName\":\"search_term_string\"}}],\"inLanguage\":\"en-GB\"},{\"@type\":\"Organization\",\"@id\":\"https:\/\/www.herrmann-lausitz.de\/de\/#organization\",\"name\":\"Herrmann Gruppe Lausitz\",\"url\":\"https:\/\/www.herrmann-lausitz.de\/de\/\",\"logo\":{\"@type\":\"ImageObject\",\"inLanguage\":\"en-GB\",\"@id\":\"https:\/\/www.herrmann-lausitz.de\/de\/#\/schema\/logo\/image\/\",\"url\":\"https:\/\/www.herrmann-lausitz.de\/wp-content\/uploads\/2024\/03\/herrmann_gruppe_logo-svg.svg\",\"contentUrl\":\"https:\/\/www.herrmann-lausitz.de\/wp-content\/uploads\/2024\/03\/herrmann_gruppe_logo-svg.svg\",\"width\":182,\"height\":72,\"caption\":\"Herrmann Gruppe Lausitz\"},\"image\":{\"@id\":\"https:\/\/www.herrmann-lausitz.de\/de\/#\/schema\/logo\/image\/\"}}]}<\/script>\n<!-- \/ Yoast SEO plugin. -->","yoast_head_json":{"title":"Barrierefreiheitserkl\u00e4rung - Herrmann Gruppe Lausitz","robots":{"index":"index","follow":"follow","max-snippet":"max-snippet:-1","max-image-preview":"max-image-preview:large","max-video-preview":"max-video-preview:-1"},"canonical":"https:\/\/www.herrmann-lausitz.de\/en\/barrierefreiheitserklaerung\/","og_locale":"en_GB","og_type":"article","og_title":"Barrierefreiheitserkl\u00e4rung - Herrmann Gruppe Lausitz","og_description":"Barrierefreiheitserkl\u00e4rung Erkl\u00e4rung zur Barrierefreiheit Wir legen gro\u00dfen Wert auf die barrierefreie Nutzbarkeit unserer Webseite und sind daher bem\u00fcht, unsere Webseite barrierefrei zu gestalten. Rechtsgrundlage f\u00fcr die barrierefreie Gestaltung ist das Barrierefreiheitsst\u00e4rkungsgesetz (BFSG) sowie die Verordnung zum Barrierefreiheitsst\u00e4rkungsgesetz (BFSGV). Danach m\u00fcssen Dienstleistungen im elektronischen Gesch\u00e4ftsverkehr wahrnehmbar, bedienbar, verst\u00e4ndlich und robust gestaltet sein. \u00a0 Information zum Anbieter [&hellip;]","og_url":"https:\/\/www.herrmann-lausitz.de\/en\/barrierefreiheitserklaerung\/","og_site_name":"Herrmann Gruppe Lausitz","article_modified_time":"2025-11-28T09:02:54+00:00","twitter_card":"summary_large_image","twitter_misc":{"Estimated reading time":"2 minutes"},"schema":{"@context":"https:\/\/schema.org","@graph":[{"@type":"WebPage","@id":"https:\/\/www.herrmann-lausitz.de\/de\/barrierefreiheitserklaerung\/","url":"https:\/\/www.herrmann-lausitz.de\/de\/barrierefreiheitserklaerung\/","name":"Barrierefreiheitserkl\u00e4rung - Herrmann Gruppe Lausitz","isPartOf":{"@id":"https:\/\/www.herrmann-lausitz.de\/de\/#website"},"datePublished":"2025-11-28T08:58:56+00:00","dateModified":"2025-11-28T09:02:54+00:00","breadcrumb":{"@id":"https:\/\/www.herrmann-lausitz.de\/de\/barrierefreiheitserklaerung\/#breadcrumb"},"inLanguage":"en-GB","potentialAction":[{"@type":"ReadAction","target":["https:\/\/www.herrmann-lausitz.de\/de\/barrierefreiheitserklaerung\/"]}]},{"@type":"BreadcrumbList","@id":"https:\/\/www.herrmann-lausitz.de\/de\/barrierefreiheitserklaerung\/#breadcrumb","itemListElement":[{"@type":"ListItem","position":1,"name":"Home","item":"https:\/\/www.herrmann-lausitz.de\/de\/"},{"@type":"ListItem","position":2,"name":"Barrierefreiheitserkl\u00e4rung"}]},{"@type":"WebSite","@id":"https:\/\/www.herrmann-lausitz.de\/de\/#website","url":"https:\/\/www.herrmann-lausitz.de\/de\/","name":"Herrmann Gruppe Lausitz","description":"DER SPEZIALIST F\u00dcR IHREN FUHRPARK","publisher":{"@id":"https:\/\/www.herrmann-lausitz.de\/de\/#organization"},"potentialAction":[{"@type":"SearchAction","target":{"@type":"EntryPoint","urlTemplate":"https:\/\/www.herrmann-lausitz.de\/de\/?s={search_term_string}"},"query-input":{"@type":"PropertyValueSpecification","valueRequired":true,"valueName":"search_term_string"}}],"inLanguage":"en-GB"},{"@type":"Organization","@id":"https:\/\/www.herrmann-lausitz.de\/de\/#organization","name":"Herrmann Gruppe Lausitz","url":"https:\/\/www.herrmann-lausitz.de\/de\/","logo":{"@type":"ImageObject","inLanguage":"en-GB","@id":"https:\/\/www.herrmann-lausitz.de\/de\/#\/schema\/logo\/image\/","url":"https:\/\/www.herrmann-lausitz.de\/wp-content\/uploads\/2024\/03\/herrmann_gruppe_logo-svg.svg","contentUrl":"https:\/\/www.herrmann-lausitz.de\/wp-content\/uploads\/2024\/03\/herrmann_gruppe_logo-svg.svg","width":182,"height":72,"caption":"Herrmann Gruppe Lausitz"},"image":{"@id":"https:\/\/www.herrmann-lausitz.de\/de\/#\/schema\/logo\/image\/"}}]}},"_links":{"self":[{"href":"https:\/\/www.herrmann-lausitz.de\/en\/wp-json\/wp\/v2\/pages\/2346","targetHints":{"allow":["GET"]}}],"collection":[{"href":"https:\/\/www.herrmann-lausitz.de\/en\/wp-json\/wp\/v2\/pages"}],"about":[{"href":"https:\/\/www.herrmann-lausitz.de\/en\/wp-json\/wp\/v2\/types\/page"}],"author":[{"embeddable":true,"href":"https:\/\/www.herrmann-lausitz.de\/en\/wp-json\/wp\/v2\/users\/3"}],"replies":[{"embeddable":true,"href":"https:\/\/www.herrmann-lausitz.de\/en\/wp-json\/wp\/v2\/comments?post=2346"}],"version-history":[{"count":4,"href":"https:\/\/www.herrmann-lausitz.de\/en\/wp-json\/wp\/v2\/pages\/2346\/revisions"}],"predecessor-version":[{"id":2350,"href":"https:\/\/www.herrmann-lausitz.de\/en\/wp-json\/wp\/v2\/pages\/2346\/revisions\/2350"}],"wp:attachment":[{"href":"https:\/\/www.herrmann-lausitz.de\/en\/wp-json\/wp\/v2\/media?parent=2346"}],"curies":[{"name":"wp","href":"https:\/\/api.w.org\/{rel}","templated":true}]}}