{"id":947,"date":"2024-04-15T11:24:08","date_gmt":"2024-04-15T09:24:08","guid":{"rendered":"https:\/\/www.herrmann-lausitz.de\/?page_id=947"},"modified":"2025-09-09T10:05:40","modified_gmt":"2025-09-09T08:05:40","slug":"notdienst","status":"publish","type":"page","link":"https:\/\/www.herrmann-lausitz.de\/en\/notdienst\/","title":{"rendered":"Emergency service"},"content":{"rendered":"<div data-elementor-type=\"wp-page\" data-elementor-id=\"947\" class=\"elementor elementor-947\" data-elementor-post-type=\"page\">\n\t\t\t\t<div class=\"elementor-element elementor-element-ef5fe64 e-con-full e-flex e-con e-parent\" data-id=\"ef5fe64\" data-element_type=\"container\">\n\t\t\t\t<div class=\"elementor-element elementor-element-401eb45 elementor--v-position-bottom elementor--h-position-center elementor-pagination-position-inside elementor-widget elementor-widget-slides\" data-id=\"401eb45\" data-element_type=\"widget\" data-settings=\"{&quot;navigation&quot;:&quot;dots&quot;,&quot;transition&quot;:&quot;fade&quot;,&quot;autoplay&quot;:&quot;yes&quot;,&quot;pause_on_hover&quot;:&quot;yes&quot;,&quot;pause_on_interaction&quot;:&quot;yes&quot;,&quot;autoplay_speed&quot;:5000,&quot;infinite&quot;:&quot;yes&quot;,&quot;transition_speed&quot;:500}\" data-widget_type=\"slides.default\">\n\t\t\t\t<div class=\"elementor-widget-container\">\n\t\t\t\t\t\t\t\t\t<div class=\"elementor-swiper\">\n\t\t\t\t\t<div class=\"elementor-slides-wrapper elementor-main-swiper swiper\" role=\"region\" aria-roledescription=\"carousel\" aria-label=\"Slides\" dir=\"ltr\" data-animation=\"fadeInDown\">\n\t\t\t\t<div class=\"swiper-wrapper elementor-slides\">\n\t\t\t\t\t\t\t\t\t\t<div class=\"elementor-repeater-item-a76f5cd swiper-slide\" role=\"group\" aria-roledescription=\"slide\"><div class=\"swiper-slide-bg\" role=\"img\"><\/div><div class=\"swiper-slide-inner\" ><div class=\"swiper-slide-contents\"><div class=\"elementor-slide-heading\"><div class=\"sliderhg2\">24\/7 ROADSIDE ASSISTANCE<br>If you have a car breakdown<\/div><\/div><\/div><\/div><\/div>\t\t\t\t<\/div>\n\t\t\t\t\t\t\t<\/div>\n\t\t\t\t<\/div>\n\t\t\t\t\t\t\t\t<\/div>\n\t\t\t\t<\/div>\n\t\t\t\t<\/div>\n\t\t<div class=\"elementor-element elementor-element-2d85fbe e-flex e-con-boxed e-con e-parent\" data-id=\"2d85fbe\" data-element_type=\"container\">\n\t\t\t\t\t<div class=\"e-con-inner\">\n\t\t\t\t<div class=\"elementor-element elementor-element-70b538b elementor-widget elementor-widget-heading\" data-id=\"70b538b\" data-element_type=\"widget\" data-widget_type=\"heading.default\">\n\t\t\t\t<div class=\"elementor-widget-container\">\n\t\t\t\t\t<h2 class=\"elementor-heading-title elementor-size-default translation-block\">Professional service is no coincidence.<\/h2>\t\t\t\t<\/div>\n\t\t\t\t<\/div>\n\t\t\t\t<div class=\"elementor-element elementor-element-ff9902c elementor-widget__width-auto elementor-widget elementor-widget-text-editor\" data-id=\"ff9902c\" data-element_type=\"widget\" data-widget_type=\"text-editor.default\">\n\t\t\t\t<div class=\"elementor-widget-container\">\n\t\t\t\t\t\t\t\t\t<p>No matter when you are travelling and where your destination is. We make sure that you reach it.<\/p>\t\t\t\t\t\t\t\t<\/div>\n\t\t\t\t<\/div>\n\t\t\t\t\t<\/div>\n\t\t\t\t<\/div>\n\t\t<div class=\"elementor-element elementor-element-b6c38fa e-flex e-con-boxed e-con e-parent\" data-id=\"b6c38fa\" data-element_type=\"container\">\n\t\t\t\t\t<div class=\"e-con-inner\">\n\t\t<div class=\"elementor-element elementor-element-717c5af e-con-full e-flex e-con e-child\" data-id=\"717c5af\" data-element_type=\"container\">\n\t\t\t\t<div class=\"elementor-element elementor-element-1c5f5ea elementor-widget__width-auto elementor-widget elementor-widget-text-editor\" data-id=\"1c5f5ea\" data-element_type=\"widget\" data-widget_type=\"text-editor.default\">\n\t\t\t\t<div class=\"elementor-widget-container\">\n\t\t\t\t\t\t\t\t\tYou can get help quickly and reliably via these numbers.\n<table style=\"width: 100%; margin-left: -15px; margin-top: 30px;\">\n<tbody>\n<tr style=\"border: 0; background-color: #fff;\">\n<td style=\"border: 0; background-color: #fff; width: 30%; line-height: 0.7em; font-size: 1rem;\">\n<h3 style=\"line-height: 1em;\">MAN<\/h3>\n<\/td>\n<td style=\"border: none; background-color: #fff; font-weight: 800; vertical-align: middle; line-height: 1em; width: 70%;\"><a href=\"tel:+4980066245324\">0800 66 24 53 24<\/a><\/td>\n<\/tr>\n<tr style=\"border: none; background-color: #fff;\">\n<td style=\"border: none; width: 30%; font-size: 1rem;\">\n<h3 style=\"line-height: 0.7em;\">IVECO<\/h3>\n<\/td>\n<td style=\"border: none; font-weight: 800; vertical-align: middle; line-height: 1em; width: 70%;\"><a href=\"tel:+4980048326000\">0800 48 32 60 00<\/a><\/td>\n<\/tr>\n<tr style=\"border: none; background-color: #fff;\">\n<td style=\"background-color: #fff; border: none; width: 30%; font-size: 1rem;\">\n<h3 style=\"line-height: 0.9em;\">LKW\nReifen<\/h3>\n<\/td>\n<td style=\"background-color: #fff; border: none; font-weight: 800; vertical-align: middle; line-height: 1em; width: 70%;\"><a href=\"tel:+3211307607\">0032 11307607<\/a><\/td>\n<\/tr>\n<\/tbody>\n<\/table>\t\t\t\t\t\t\t\t<\/div>\n\t\t\t\t<\/div>\n\t\t\t\t<div class=\"elementor-element elementor-element-d819d1d elementor-widget__width-inherit elementor-hidden-desktop elementor-hidden-tablet_extra elementor-hidden-tablet elementor-hidden-mobile elementor-widget elementor-widget-text-editor\" data-id=\"d819d1d\" data-element_type=\"widget\" data-widget_type=\"text-editor.default\">\n\t\t\t\t<div class=\"elementor-widget-container\">\n\t\t\t\t\t\t\t\t\t<div><div><p>* Festnetz kostenlos. Mobilfunkgeb\u00fchren k\u00f6nnen je nach Anbieter variieren. Unterst\u00fctzt Ihr Provider freecall-Nummern nicht, w\u00e4hlen Sie bitte +49 180 53 53 53 33 0 (14ct\/min aus dem dt. Festnetz. Preise aus Mobilfunknetz und Ausland abh\u00e4ngig vom Tarif<\/p><p><strong>Der 24\/7 Notdienst steht nur f\u00fcr liegengebliebene Fahrzeuge zur Verf\u00fcgung!<\/strong><\/p><\/div><\/div>\t\t\t\t\t\t\t\t<\/div>\n\t\t\t\t<\/div>\n\t\t\t\t<\/div>\n\t\t\t\t\t<\/div>\n\t\t\t\t<\/div>\n\t\t\t\t<\/div>","protected":false},"excerpt":{"rendered":"<p>24\/7 PANNENDIENSTWenn Sie liegen bleiben! Professioneller Service ist kein Zufall. Egal wann Sie unterwegs sind und wo Ihr Ziel liegt. Wir sorgen daf\u00fcr, dass Sie es erreichen. \u00dcber diese Rufnummern erhalten Sie schnell und zuverl\u00e4ssig Hilfe. MAN 0800 66 24 53 24 IVECO 0800 48 32 60 00 LKW Reifen 0032 11307607 * Festnetz kostenlos. [&hellip;]<\/p>","protected":false},"author":3,"featured_media":0,"parent":0,"menu_order":0,"comment_status":"closed","ping_status":"closed","template":"","meta":{"inline_featured_image":false,"footnotes":""},"class_list":["post-947","page","type-page","status-publish","hentry"],"yoast_head":"<!-- This site is optimized with the Yoast SEO plugin v25.9 - https:\/\/yoast.com\/wordpress\/plugins\/seo\/ -->\n<title>Notdienst - Herrmann Gruppe Lausitz<\/title>\n<meta name=\"description\" content=\"24h Notdienst der Hermann Lausitz Gruppe \u2013 schnelle und zuverl\u00e4ssige Hilfe rund um die Uhr. Wir bringen Sie sicher ans Ziel. Jetzt anrufen!\" \/>\n<meta name=\"robots\" content=\"index, follow, max-snippet:-1, max-image-preview:large, max-video-preview:-1\" \/>\n<link rel=\"canonical\" href=\"https:\/\/www.herrmann-lausitz.de\/en\/notdienst\/\" \/>\n<meta property=\"og:locale\" content=\"en_GB\" \/>\n<meta property=\"og:type\" content=\"article\" \/>\n<meta property=\"og:title\" content=\"Notdienst - Herrmann Gruppe Lausitz\" \/>\n<meta property=\"og:description\" content=\"24h Notdienst der Hermann Lausitz Gruppe \u2013 schnelle und zuverl\u00e4ssige Hilfe rund um die Uhr. Wir bringen Sie sicher ans Ziel. Jetzt anrufen!\" \/>\n<meta property=\"og:url\" content=\"https:\/\/www.herrmann-lausitz.de\/en\/notdienst\/\" \/>\n<meta property=\"og:site_name\" content=\"Herrmann Gruppe Lausitz\" \/>\n<meta property=\"article:modified_time\" content=\"2025-09-09T08:05:40+00:00\" \/>\n<meta name=\"twitter:card\" content=\"summary_large_image\" \/>\n<meta name=\"twitter:label1\" content=\"Estimated reading time\" \/>\n\t<meta name=\"twitter:data1\" content=\"1 minute\" \/>\n<script type=\"application\/ld+json\" class=\"yoast-schema-graph\">{\"@context\":\"https:\/\/schema.org\",\"@graph\":[{\"@type\":\"WebPage\",\"@id\":\"https:\/\/www.herrmann-lausitz.de\/de\/notdienst\/\",\"url\":\"https:\/\/www.herrmann-lausitz.de\/de\/notdienst\/\",\"name\":\"Notdienst - Herrmann Gruppe Lausitz\",\"isPartOf\":{\"@id\":\"https:\/\/www.herrmann-lausitz.de\/de\/#website\"},\"datePublished\":\"2024-04-15T09:24:08+00:00\",\"dateModified\":\"2025-09-09T08:05:40+00:00\",\"description\":\"24h Notdienst der Hermann Lausitz Gruppe \u2013 schnelle und zuverl\u00e4ssige Hilfe rund um die Uhr. Wir bringen Sie sicher ans Ziel. Jetzt anrufen!\",\"breadcrumb\":{\"@id\":\"https:\/\/www.herrmann-lausitz.de\/de\/notdienst\/#breadcrumb\"},\"inLanguage\":\"en-GB\",\"potentialAction\":[{\"@type\":\"ReadAction\",\"target\":[\"https:\/\/www.herrmann-lausitz.de\/de\/notdienst\/\"]}]},{\"@type\":\"BreadcrumbList\",\"@id\":\"https:\/\/www.herrmann-lausitz.de\/de\/notdienst\/#breadcrumb\",\"itemListElement\":[{\"@type\":\"ListItem\",\"position\":1,\"name\":\"Home\",\"item\":\"https:\/\/www.herrmann-lausitz.de\/de\/\"},{\"@type\":\"ListItem\",\"position\":2,\"name\":\"Notdienst\"}]},{\"@type\":\"WebSite\",\"@id\":\"https:\/\/www.herrmann-lausitz.de\/de\/#website\",\"url\":\"https:\/\/www.herrmann-lausitz.de\/de\/\",\"name\":\"Herrmann Gruppe Lausitz\",\"description\":\"DER SPEZIALIST F\u00dcR IHREN FUHRPARK\",\"publisher\":{\"@id\":\"https:\/\/www.herrmann-lausitz.de\/de\/#organization\"},\"potentialAction\":[{\"@type\":\"SearchAction\",\"target\":{\"@type\":\"EntryPoint\",\"urlTemplate\":\"https:\/\/www.herrmann-lausitz.de\/de\/?s={search_term_string}\"},\"query-input\":{\"@type\":\"PropertyValueSpecification\",\"valueRequired\":true,\"valueName\":\"search_term_string\"}}],\"inLanguage\":\"en-GB\"},{\"@type\":\"Organization\",\"@id\":\"https:\/\/www.herrmann-lausitz.de\/de\/#organization\",\"name\":\"Herrmann Gruppe Lausitz\",\"url\":\"https:\/\/www.herrmann-lausitz.de\/de\/\",\"logo\":{\"@type\":\"ImageObject\",\"inLanguage\":\"en-GB\",\"@id\":\"https:\/\/www.herrmann-lausitz.de\/de\/#\/schema\/logo\/image\/\",\"url\":\"https:\/\/www.herrmann-lausitz.de\/wp-content\/uploads\/2024\/03\/herrmann_gruppe_logo-svg.svg\",\"contentUrl\":\"https:\/\/www.herrmann-lausitz.de\/wp-content\/uploads\/2024\/03\/herrmann_gruppe_logo-svg.svg\",\"width\":182,\"height\":72,\"caption\":\"Herrmann Gruppe Lausitz\"},\"image\":{\"@id\":\"https:\/\/www.herrmann-lausitz.de\/de\/#\/schema\/logo\/image\/\"}}]}<\/script>\n<!-- \/ Yoast SEO plugin. -->","yoast_head_json":{"title":"Notdienst - Herrmann Gruppe Lausitz","description":"24h Notdienst der Hermann Lausitz Gruppe \u2013 schnelle und zuverl\u00e4ssige Hilfe rund um die Uhr. Wir bringen Sie sicher ans Ziel. Jetzt anrufen!","robots":{"index":"index","follow":"follow","max-snippet":"max-snippet:-1","max-image-preview":"max-image-preview:large","max-video-preview":"max-video-preview:-1"},"canonical":"https:\/\/www.herrmann-lausitz.de\/en\/notdienst\/","og_locale":"en_GB","og_type":"article","og_title":"Notdienst - Herrmann Gruppe Lausitz","og_description":"24h Notdienst der Hermann Lausitz Gruppe \u2013 schnelle und zuverl\u00e4ssige Hilfe rund um die Uhr. Wir bringen Sie sicher ans Ziel. Jetzt anrufen!","og_url":"https:\/\/www.herrmann-lausitz.de\/en\/notdienst\/","og_site_name":"Herrmann Gruppe Lausitz","article_modified_time":"2025-09-09T08:05:40+00:00","twitter_card":"summary_large_image","twitter_misc":{"Estimated reading time":"1 minute"},"schema":{"@context":"https:\/\/schema.org","@graph":[{"@type":"WebPage","@id":"https:\/\/www.herrmann-lausitz.de\/de\/notdienst\/","url":"https:\/\/www.herrmann-lausitz.de\/de\/notdienst\/","name":"Notdienst - Herrmann Gruppe Lausitz","isPartOf":{"@id":"https:\/\/www.herrmann-lausitz.de\/de\/#website"},"datePublished":"2024-04-15T09:24:08+00:00","dateModified":"2025-09-09T08:05:40+00:00","description":"24h Notdienst der Hermann Lausitz Gruppe \u2013 schnelle und zuverl\u00e4ssige Hilfe rund um die Uhr. Wir bringen Sie sicher ans Ziel. Jetzt anrufen!","breadcrumb":{"@id":"https:\/\/www.herrmann-lausitz.de\/de\/notdienst\/#breadcrumb"},"inLanguage":"en-GB","potentialAction":[{"@type":"ReadAction","target":["https:\/\/www.herrmann-lausitz.de\/de\/notdienst\/"]}]},{"@type":"BreadcrumbList","@id":"https:\/\/www.herrmann-lausitz.de\/de\/notdienst\/#breadcrumb","itemListElement":[{"@type":"ListItem","position":1,"name":"Home","item":"https:\/\/www.herrmann-lausitz.de\/de\/"},{"@type":"ListItem","position":2,"name":"Notdienst"}]},{"@type":"WebSite","@id":"https:\/\/www.herrmann-lausitz.de\/de\/#website","url":"https:\/\/www.herrmann-lausitz.de\/de\/","name":"Herrmann Gruppe Lausitz","description":"DER SPEZIALIST F\u00dcR IHREN FUHRPARK","publisher":{"@id":"https:\/\/www.herrmann-lausitz.de\/de\/#organization"},"potentialAction":[{"@type":"SearchAction","target":{"@type":"EntryPoint","urlTemplate":"https:\/\/www.herrmann-lausitz.de\/de\/?s={search_term_string}"},"query-input":{"@type":"PropertyValueSpecification","valueRequired":true,"valueName":"search_term_string"}}],"inLanguage":"en-GB"},{"@type":"Organization","@id":"https:\/\/www.herrmann-lausitz.de\/de\/#organization","name":"Herrmann Gruppe Lausitz","url":"https:\/\/www.herrmann-lausitz.de\/de\/","logo":{"@type":"ImageObject","inLanguage":"en-GB","@id":"https:\/\/www.herrmann-lausitz.de\/de\/#\/schema\/logo\/image\/","url":"https:\/\/www.herrmann-lausitz.de\/wp-content\/uploads\/2024\/03\/herrmann_gruppe_logo-svg.svg","contentUrl":"https:\/\/www.herrmann-lausitz.de\/wp-content\/uploads\/2024\/03\/herrmann_gruppe_logo-svg.svg","width":182,"height":72,"caption":"Herrmann Gruppe Lausitz"},"image":{"@id":"https:\/\/www.herrmann-lausitz.de\/de\/#\/schema\/logo\/image\/"}}]}},"_links":{"self":[{"href":"https:\/\/www.herrmann-lausitz.de\/en\/wp-json\/wp\/v2\/pages\/947","targetHints":{"allow":["GET"]}}],"collection":[{"href":"https:\/\/www.herrmann-lausitz.de\/en\/wp-json\/wp\/v2\/pages"}],"about":[{"href":"https:\/\/www.herrmann-lausitz.de\/en\/wp-json\/wp\/v2\/types\/page"}],"author":[{"embeddable":true,"href":"https:\/\/www.herrmann-lausitz.de\/en\/wp-json\/wp\/v2\/users\/3"}],"replies":[{"embeddable":true,"href":"https:\/\/www.herrmann-lausitz.de\/en\/wp-json\/wp\/v2\/comments?post=947"}],"version-history":[{"count":10,"href":"https:\/\/www.herrmann-lausitz.de\/en\/wp-json\/wp\/v2\/pages\/947\/revisions"}],"predecessor-version":[{"id":2249,"href":"https:\/\/www.herrmann-lausitz.de\/en\/wp-json\/wp\/v2\/pages\/947\/revisions\/2249"}],"wp:attachment":[{"href":"https:\/\/www.herrmann-lausitz.de\/en\/wp-json\/wp\/v2\/media?parent=947"}],"curies":[{"name":"wp","href":"https:\/\/api.w.org\/{rel}","templated":true}]}}